{"id":1993,"date":"2022-04-12T21:34:48","date_gmt":"2022-04-12T19:34:48","guid":{"rendered":"https:\/\/copal.hr\/startseite\/"},"modified":"2024-03-07T15:13:48","modified_gmt":"2024-03-07T14:13:48","slug":"startseite","status":"publish","type":"page","link":"https:\/\/copal.hr\/de\/","title":{"rendered":"Startseite"},"content":{"rendered":"<p><section data-kc-fullheight=\"middle-content\" id=\"hero\" class=\"kc-elm kc-css-555357 kc_row\"><div class=\"kc-row-container kc-container container\"><div class=\"row\"><div class=\"kc-elm kc-css-366516 kc_col-sm-5 kc_column kc_col-sm-5\"><div class=\"kc-col-container\">\n<div class=\"kc-elm kc-css-798727 kc-animated kc-animate-eff-fadeIn kc-title-wrap \">\n\n\t<h1 class=\"kc_title\">Wir verwandeln R\u00e4ume <br>in <span style=\"color:#e7e900\">ein Wohnkonzept<\/em>.<\/h1>\n<\/div>\n<div class=\"kc-elm kc-css-376433 kc-animated kc-animate-eff-fadeIn kc_text_block\"><\/p>\n<p>\nUnsere Produkte machen ihren Wohnraum modern und exklusiv.<\/p>\n<p>\n<\/div>\n<div class=\"kc-elm kc-css-53738 kc-animated kc-animate-eff-fadeIn\">\n    <a class=\"kc_button\" href=\"https:\/\/copal.hr\/de\/kontakt\/\" target=\"_self\" title=\"Kontakt\" onclick=\"\">\n        Erfahre mehr    <\/a>\n<\/div><\/div><\/div><div class=\"kc-elm kc-css-342275 kc_col-sm-7 kc_column kc_col-sm-7\"><div class=\"kc-col-container\"><\/div><\/div><\/div><\/div><\/section><section data-kc-equalheight=\"true\" data-kc-equalheight-align=\"middle\" data-bg=\"http:\/\/localhost\/copal\/wp-content\/uploads\/2022\/05\/copal-support-one.jpg\" class=\"kc-elm kc-css-624178 kc_row half_bg\"><style>.kc-css-624178:before{background:linear-gradient(0deg, rgba(0, 0, 0, 0.5), rgba(0, 0, 0, 0.5)), url(http:\/\/localhost\/copal\/wp-content\/uploads\/2022\/05\/copal-support-one.jpg)}<\/style><div class=\"kc-row-container kc-container container\"><div class=\"row\"><div class=\"kc-elm kc-css-622180 kc_col-sm-6 kc_column kc_col-sm-6\"><div class=\"kc-col-container\">\n<div class=\"kc-elm kc-css-475221 kc-animated kc-animate-eff-fadeInLeft kc-title-wrap \">\n\n\t<h3 class=\"kc_title\">Konfigurator<\/h3>\n<\/div>\n<div class=\"kc-elm kc-css-156246 kc-animated kc-animate-eff-fadeInLeft kc_text_block\"><\/p>\n<p>\nKonfigurieren Sie Ihre Wunsch-Pergola oder Ihren Wintergarten ganz einfach in unserem 3D-Konfigurator.<\/p>\n<p>\n<\/div>\n<div class=\"kc-elm kc-css-757172 kc-animated kc-animate-eff-fadeInLeft\">\n    <a class=\"kc_button text-center break-word\" href=\"https:\/\/copal.hr\/de\/pergole\/bioklimatske\/konfigurator\/?cPergola=tilia\" target=\"_self\" title=\"Konfigurator\" onclick=\"\">\n        Konfigurator f\u00fcr Bioklima-Pergolen    <\/a>\n<\/div>\n<div class=\"kc-elm kc-css-481087 kc-animated kc-animate-eff-fadeInLeft\">\n    <a class=\"kc_button text-center break-word\" href=\"https:\/\/copal.hr\/de\/pergole\/tekstilne\/konfigurator\/?cPergola=era\" target=\"_self\" title=\"Konfigurator\" onclick=\"\">\n        Konfigurator f\u00fcr Textile-Pergolen    <\/a>\n<\/div>\n<div class=\"kc-elm kc-css-515497 kc-animated kc-animate-eff-fadeInLeft\">\n    <a class=\"kc_button text-center break-word\" href=\"https:\/\/copal.hr\/de\/nadstresnice\/konfigurator\/?cPergola=onega\" target=\"_self\" title=\"Konfigurator\" onclick=\"\">\n        Konfigurator f\u00fcr \u00dcberdachung    <\/a>\n<\/div><\/div><\/div><div class=\"kc-elm kc-css-986187 kc_col-sm-6 kc_column kc_col-sm-6\"><div class=\"kc-col-container\">\n<div class=\"kc-elm kc-css-350081 kc-animated kc-animate-eff-fadeIn kc-title-wrap \">\n\n\t<h3 class=\"kc_title\">Planung und Beratung<\/h3>\n<\/div>\n<div class=\"kc-elm kc-css-614781 kc-animated kc-animate-eff-fadeIn kc_text_block\"><\/p>\n<p>\nWenn sie Beratung bei der Auswahl oder Unterst\u00fctzung bei der Planung einer Pergola, Verglasung, Fassade, Guillotine oder eines anderen unserer Produkte ben\u00f6tigen, stehen Ihnen unsere Experten kostenlos zur Verf\u00fcgung.<\/p>\n<p>\n<\/div>\n<div class=\"kc-elm kc-css-836448 kc-animated kc-animate-eff-fadeIn\">\n    <a class=\"kc_button\" href=\"https:\/\/copal.hr\/de\/kontakt\/\" target=\"_self\" title=\"Kontakt\" onclick=\"\">\n        Ich brauche Beratung    <\/a>\n<\/div><\/div><\/div><\/div><\/div><\/section><section class=\"kc-elm kc-css-7756 kc_row\"><div class=\"kc-row-container kc-container container\"><div class=\"row\"><div class=\"kc-elm kc-css-841418 kc_col-sm-3 kc_column kc_col-sm-3\"><div class=\"kc-col-container\"><\/div><\/div><div class=\"kc-elm kc-css-118438 kc_col-sm-7 kc_column kc_col-sm-7\"><div class=\"kc-col-container\">\n<div class=\"kc-elm kc-css-219867 kc-title-wrap \">\n\n\t<h3 class=\"kc_title\">Sie haben Fragen oder brauchen Beratung?<\/h3>\n<\/div>\n<div class=\"kc-elm kc-css-543610 kc_text_block\"><\/p>\n<p>\nRufen Sie uns an oder vereinbaren Sie einen kostenlosen Telefontermin zu einem Zeitpunkt Ihrer Wahl. Wir beraten Sie gerne und beantworten all Ihre Fragen.<\/p>\n<p>\n<\/div><div class=\"kc-elm kc-css-689229 kc_row kc_row_inner\"><div class=\"kc-elm kc-css-385878 kc_col-sm-6 kc_column_inner kc_col-sm-6\"><div class=\"kc_wrapper kc-col-inner-container\">\n<div class=\"kc-elm kc-css-965435\">\n    <a class=\"kc_button button-two-row\" href=\"tel:+385997435215\" target=\"_self\" title=\"\" onclick=\"\">\n        <i class=\"fa-phone\"><\/i> :lt:div:gt:Rufen Sie uns an :lt:strong:gt:+385 99 7435 215:lt:\/strong:gt::lt:\/div:gt:    <\/a>\n<\/div><\/div><\/div><div class=\"kc-elm kc-css-574033 kc_col-sm-6 kc_column_inner kc_col-sm-6\"><div class=\"kc_wrapper kc-col-inner-container\">\n<div class=\"kc-elm kc-css-975481\">\n    <a class=\"kc_button button-two-row zakaziTermin\" href=\"#\" target=\"_self\" title=\"\" onclick=\"\">\n        <i class=\"fa-calendar-alt\"><\/i> :lt:div:gt:Vereinbaren Sie :lt:strong:gt:einen Telefontermin:lt:\/strong:gt::lt:\/div:gt:    <\/a>\n<\/div><\/div><\/div><\/div><div id=\"terminZaPoziv\" class=\"kc-elm kc-css-375690 kc_row kc_row_inner\"><div class=\"kc-elm kc-css-592536 kc_col-sm-12 kc_column_inner kc_col-sm-12\"><div class=\"kc_wrapper kc-col-inner-container\"><div class=\"kc-elm kc-css-577921 kc-raw-code\"><script type=\"text\/javascript\">var gform;gform||(document.addEventListener(\"gform_main_scripts_loaded\",function(){gform.scriptsLoaded=!0}),window.addEventListener(\"DOMContentLoaded\",function(){gform.domLoaded=!0}),gform={domLoaded:!1,scriptsLoaded:!1,initializeOnLoaded:function(o){gform.domLoaded&&gform.scriptsLoaded?o():!gform.domLoaded&&gform.scriptsLoaded?window.addEventListener(\"DOMContentLoaded\",o):document.addEventListener(\"gform_main_scripts_loaded\",o)},hooks:{action:{},filter:{}},addAction:function(o,n,r,t){gform.addHook(\"action\",o,n,r,t)},addFilter:function(o,n,r,t){gform.addHook(\"filter\",o,n,r,t)},doAction:function(o){gform.doHook(\"action\",o,arguments)},applyFilters:function(o){return gform.doHook(\"filter\",o,arguments)},removeAction:function(o,n){gform.removeHook(\"action\",o,n)},removeFilter:function(o,n,r){gform.removeHook(\"filter\",o,n,r)},addHook:function(o,n,r,t,i){null==gform.hooks[o][n]&&(gform.hooks[o][n]=[]);var e=gform.hooks[o][n];null==i&&(i=n+\"_\"+e.length),gform.hooks[o][n].push({tag:i,callable:r,priority:t=null==t?10:t})},doHook:function(n,o,r){var t;if(r=Array.prototype.slice.call(r,1),null!=gform.hooks[n][o]&&((o=gform.hooks[n][o]).sort(function(o,n){return o.priority-n.priority}),o.forEach(function(o){\"function\"!=typeof(t=o.callable)&&(t=window[t]),\"action\"==n?t.apply(null,r):r[0]=t.apply(null,r)})),\"filter\"==n)return r[0]},removeHook:function(o,n,t,i){var r;null!=gform.hooks[o][n]&&(r=(r=gform.hooks[o][n]).filter(function(o,n,r){return!!(null!=i&&i!=o.tag||null!=t&&t!=o.priority)}),gform.hooks[o][n]=r)}});<\/script>\n                <div class='gf_browser_gecko gform_wrapper gravity-theme' id='gform_wrapper_7' ><div id='gf_7' class='gform_anchor' tabindex='-1'><\/div>\n                        <div class='gform_heading'>\n\t\t\t\t\t\t\t<p class='gform_required_legend'>\u201e<span class=\"gfield_required gfield_required_asterisk\">*<\/span>\u201c zeigt erforderliche Felder an<\/p>\n                        <\/div><form method='post' enctype='multipart\/form-data' target='gform_ajax_frame_7' id='gform_7'  action='\/de\/wp-json\/wp\/v2\/pages\/1993#gf_7' >\n                        <div class='gform_body gform-body'><div id='gform_fields_7' class='gform_fields top_label form_sublabel_below description_below'><div id=\"field_7_1\"  class=\"gfield gfield--width-half gfield_contains_required field_sublabel_below field_description_below gfield_visibility_visible\"  data-js-reload=\"field_7_1\"><label class='gfield_label' for='input_7_1' >Name und Nachname<span class=\"gfield_required\"><span class=\"gfield_required gfield_required_asterisk\">*<\/span><\/span><\/label><div class='ginput_container ginput_container_text'><input name='input_1' id='input_7_1' type='text' value='' class='large'     aria-required=\"true\" aria-invalid=\"false\"   \/> <\/div><\/div><div id=\"field_7_3\"  class=\"gfield gfield--width-half gfield_contains_required field_sublabel_below field_description_below gfield_visibility_visible\"  data-js-reload=\"field_7_3\"><label class='gfield_label' for='input_7_3' >Telefon<span class=\"gfield_required\"><span class=\"gfield_required gfield_required_asterisk\">*<\/span><\/span><\/label><div class='ginput_container ginput_container_text'><input name='input_3' id='input_7_3' type='text' value='' class='large'     aria-required=\"true\" aria-invalid=\"false\"   \/> <\/div><\/div><div id=\"field_7_4\"  class=\"gfield gfield--width-quarter gfield_contains_required field_sublabel_below field_description_below gfield_visibility_visible\"  data-js-reload=\"field_7_4\"><label class='gfield_label' for='input_7_4' >Datum<span class=\"gfield_required\"><span class=\"gfield_required gfield_required_asterisk\">*<\/span><\/span><\/label><div class='ginput_container ginput_container_date'>\n                            <input name='input_4' id='input_7_4' type='text' value='' class='datepicker dmy_dot datepicker_no_icon gdatepicker-no-icon'   placeholder='10.05.2020' aria-describedby=\"input_7_4_date_format\" aria-invalid=\"false\" aria-required=\"true\"\/>\n                            <span id='input_7_4_date_format' class='screen-reader-text'>TT Punkt MM Punkt JJJJ<\/span>\n                        <\/div>\n                        <input type='hidden' id='gforms_calendar_icon_input_7_4' class='gform_hidden' value='https:\/\/copal.hr\/wp-content\/plugins\/gravityforms\/images\/datepicker\/datepicker.svg'\/><\/div><fieldset id=\"field_7_5\"  class=\"gfield gfield--width-quarter gfield_contains_required field_sublabel_hidden_label field_description_below gfield_visibility_visible\"  data-js-reload=\"field_7_5\"><legend class='gfield_label gfield_label_before_complex'  >Zeit<span class=\"gfield_required\"><span class=\"gfield_required gfield_required_asterisk\">*<\/span><\/span><\/legend><div class=\"ginput_complex\">\n                        <div class='gfield_time_hour ginput_container ginput_container_time' id='input_7_5'>\n                            <input type='text' maxlength='2' name='input_5[]' id='input_7_5_1' value=''    placeholder='12' aria-required='true'   \/> \n                            <label class='hour_label hidden_sub_label screen-reader-text' for='input_7_5_1'>HH<\/label>\n                        <\/div>\n                        <div class=\"below hour_minute_colon\">:<\/div>\n                        <div class='gfield_time_minute ginput_container ginput_container_time'>\n                            <input type='text' maxlength='2' name='input_5[]' id='input_7_5_2' value=''    placeholder='00' aria-required='true'  \/>\n                            <label class='minute_label hidden_sub_label screen-reader-text' for='input_7_5_2'>MM<\/label>\n                        <\/div>\n                        \n                    <\/div><\/fieldset><div id=\"field_7_7\"  class=\"gfield gfield--width-half field_sublabel_below field_description_below gfield_visibility_visible\"  data-js-reload=\"field_7_7\"><label class='gfield_label' for='input_7_7' >Produkt<\/label><div class='ginput_container ginput_container_select'><select name='input_7' id='input_7_7' class='large gfield_select'     aria-invalid=\"false\" ><option value='Bioklima-Pergolen' >Bioklima-Pergolen<\/option><option value='Textile-Pergolen' >Textile-Pergolen<\/option><option value='\u00dcberdachung' >\u00dcberdachung<\/option><\/select><\/div><\/div><div id=\"field_7_8\"  class=\"gfield gform_validation_container field_sublabel_below field_description_below gfield_visibility_visible\"  data-js-reload=\"field_7_8\"><label class='gfield_label' for='input_7_8' >Phone<\/label><div class='ginput_container'><input name='input_8' id='input_7_8' type='text' value='' \/><\/div><div class='gfield_description' id='gfield_description_7_8'>Dieses Feld dient zur Validierung und sollte nicht ver\u00e4ndert werden.<\/div><\/div><\/div><\/div>\n        <div class='gform_footer top_label'> <input type='submit' id='gform_submit_button_7' class='gform_button button' value='Einen Termin machen'  onclick='if(window[\"gf_submitting_7\"]){return false;}  window[\"gf_submitting_7\"]=true;  ' onkeypress='if( event.keyCode == 13 ){ if(window[\"gf_submitting_7\"]){return false;} window[\"gf_submitting_7\"]=true;  jQuery(\"#gform_7\").trigger(\"submit\",[true]); }' \/> <input type='hidden' name='gform_ajax' value='form_id=7&amp;title=&amp;description=&amp;tabindex=0' \/>\n            <input type='hidden' class='gform_hidden' name='is_submit_7' value='1' \/>\n            <input type='hidden' class='gform_hidden' name='gform_submit' value='7' \/>\n            \n            <input type='hidden' class='gform_hidden' name='gform_unique_id' value='' \/>\n            <input type='hidden' class='gform_hidden' name='state_7' value='WyJbXSIsImZkYjMyMTgxNjkwYjY2NmJhNDZkZGE0YjJiMTEyYWE5Il0=' \/>\n            <input type='hidden' class='gform_hidden' name='gform_target_page_number_7' id='gform_target_page_number_7' value='0' \/>\n            <input type='hidden' class='gform_hidden' name='gform_source_page_number_7' id='gform_source_page_number_7' value='1' \/>\n            <input type='hidden' name='gform_field_values' value='' \/>\n            \n        <\/div>\n                        <\/form>\n                        <\/div>\n                <iframe style='display:none;width:0px;height:0px;' src='about:blank' name='gform_ajax_frame_7' id='gform_ajax_frame_7' title='Dieser iframe enth\u00e4lt die erforderliche Logik um Gravity Forms Formulare mit AJAX zu handhaben.'><\/iframe>\n                <script type=\"text\/javascript\">\n\/* <![CDATA[ *\/\n gform.initializeOnLoaded( function() {gformInitSpinner( 7, 'https:\/\/copal.hr\/wp-content\/plugins\/gravityforms\/images\/spinner.svg' );jQuery('#gform_ajax_frame_7').on('load',function(){var contents = jQuery(this).contents().find('*').html();var is_postback = contents.indexOf('GF_AJAX_POSTBACK') >= 0;if(!is_postback){return;}var form_content = jQuery(this).contents().find('#gform_wrapper_7');var is_confirmation = jQuery(this).contents().find('#gform_confirmation_wrapper_7').length > 0;var is_redirect = contents.indexOf('gformRedirect(){') >= 0;var is_form = form_content.length > 0 && ! is_redirect && ! is_confirmation;var mt = parseInt(jQuery('html').css('margin-top'), 10) + parseInt(jQuery('body').css('margin-top'), 10) + 100;if(is_form){jQuery('#gform_wrapper_7').html(form_content.html());if(form_content.hasClass('gform_validation_error')){jQuery('#gform_wrapper_7').addClass('gform_validation_error');} else {jQuery('#gform_wrapper_7').removeClass('gform_validation_error');}setTimeout( function() { \/* delay the scroll by 50 milliseconds to fix a bug in chrome *\/ jQuery(document).scrollTop(jQuery('#gform_wrapper_7').offset().top - mt); }, 50 );if(window['gformInitDatepicker']) {gformInitDatepicker();}if(window['gformInitPriceFields']) {gformInitPriceFields();}var current_page = jQuery('#gform_source_page_number_7').val();gformInitSpinner( 7, 'https:\/\/copal.hr\/wp-content\/plugins\/gravityforms\/images\/spinner.svg' );jQuery(document).trigger('gform_page_loaded', [7, current_page]);window['gf_submitting_7'] = false;}else if(!is_redirect){var confirmation_content = jQuery(this).contents().find('.GF_AJAX_POSTBACK').html();if(!confirmation_content){confirmation_content = contents;}setTimeout(function(){jQuery('#gform_wrapper_7').replaceWith(confirmation_content);jQuery(document).scrollTop(jQuery('#gf_7').offset().top - mt);jQuery(document).trigger('gform_confirmation_loaded', [7]);window['gf_submitting_7'] = false;wp.a11y.speak(jQuery('#gform_confirmation_message_7').text());}, 50);}else{jQuery('#gform_7').append(contents);if(window['gformRedirect']) {gformRedirect();}}jQuery(document).trigger('gform_post_render', [7, current_page]);} );} ); \n\/* ]]> *\/\n<\/script>\n\r\n<\/div><\/div><\/div><\/div><\/div><\/div><div class=\"kc-elm kc-css-76348 kc_col-sm-3 kc_column kc_col-sm-3\"><div class=\"kc-col-container\"><\/div><\/div><\/div><\/div><\/section><\/p>\n","protected":false},"excerpt":{"rendered":"","protected":false},"author":1,"featured_media":0,"parent":0,"menu_order":0,"comment_status":"closed","ping_status":"closed","template":"","meta":{"rank_math_lock_modified_date":false,"footnotes":""},"acf":[],"_links":{"self":[{"href":"https:\/\/copal.hr\/de\/wp-json\/wp\/v2\/pages\/1993"}],"collection":[{"href":"https:\/\/copal.hr\/de\/wp-json\/wp\/v2\/pages"}],"about":[{"href":"https:\/\/copal.hr\/de\/wp-json\/wp\/v2\/types\/page"}],"author":[{"embeddable":true,"href":"https:\/\/copal.hr\/de\/wp-json\/wp\/v2\/users\/1"}],"replies":[{"embeddable":true,"href":"https:\/\/copal.hr\/de\/wp-json\/wp\/v2\/comments?post=1993"}],"version-history":[{"count":4,"href":"https:\/\/copal.hr\/de\/wp-json\/wp\/v2\/pages\/1993\/revisions"}],"predecessor-version":[{"id":3294,"href":"https:\/\/copal.hr\/de\/wp-json\/wp\/v2\/pages\/1993\/revisions\/3294"}],"wp:attachment":[{"href":"https:\/\/copal.hr\/de\/wp-json\/wp\/v2\/media?parent=1993"}],"curies":[{"name":"wp","href":"https:\/\/api.w.org\/{rel}","templated":true}]}}