{"id":2005,"date":"2022-05-13T12:52:39","date_gmt":"2022-05-13T10:52:39","guid":{"rendered":"https:\/\/copal.hr\/ueberdachung\/"},"modified":"2023-01-22T22:44:12","modified_gmt":"2023-01-22T22:44:12","slug":"nadstresnice","status":"publish","type":"page","link":"https:\/\/copal.hr\/de\/nadstresnice\/","title":{"rendered":"\u00dcberdachung"},"content":{"rendered":"<style type=\"text\/css\">@media only screen and (min-width: 1000px) and (max-width: 5000px){body.kc-css-system .kc-css-1170053{width: 32.5%;}body.kc-css-system .kc-css-2098564{width: 35%;}body.kc-css-system .kc-css-1089737{width: 32.5%;}body.kc-css-system .kc-css-2347372{width: 22.5%;}body.kc-css-system .kc-css-993711{width: 55%;}body.kc-css-system .kc-css-1021010{width: 50%;}body.kc-css-system .kc-css-2201125{width: 50%;}body.kc-css-system .kc-css-2390197{width: 100%;}body.kc-css-system .kc-css-899006{width: 22.5%;}}body.kc-css-system .kc-css-3189408{background: linear-gradient(rgba(0, 0, 0, 0.50), rgba(0, 0, 0, 0.50)), transparent url(https:\/\/copal.hr\/wp-admin\/admin-ajax.php?action=kc_get_thumbn&type=filter_url&id=%2Fwp-content%2Fuploads%2F2022%2F05%2Fbioklimatska-pergola-lima.jpg) center center\/cover no-repeat scroll;}body.kc-css-system .kc-css-2726343{padding-top: 120px;padding-bottom: 120px;}body.kc-css-system .kc-css-1925364.kc_title,body.kc-css-system .kc-css-1925364 .kc_title,body.kc-css-system .kc-css-1925364 .kc_title a.kc_title_link{color: #ffffff;font-family: Noto Sans Display;font-size: 50px;font-weight: 700;text-align: center;padding-top: 0px;padding-bottom: 0px;margin-top: 0px;margin-bottom: 0px;}.kc-css-2059734 .kc_column{padding-left: 30px;padding-right: 30px;}.kc-css-2059734>.kc-wrap-columns{margin-left: -30px;margin-right: -30px;width: calc(100% + 60px);}body.kc-css-system .kc-css-2059734{padding-top: 75px;padding-bottom: 75px;}body.kc-css-system .kc-css-4167524{text-align: center;}body.kc-css-system .kc-css-4167524 img{width: 100%;}body.kc-css-system .kc-css-3336169.kc_title,body.kc-css-system .kc-css-3336169 .kc_title,body.kc-css-system .kc-css-3336169 .kc_title a.kc_title_link{color: #1e1c0c;font-family: Noto Sans Display;font-size: 24px;font-weight: 700;margin-top: 20px;}body.kc-css-system .kc-css-2895591 ,body.kc-css-system .kc-css-2895591 p{color: #1e1c0c;font-family: Noto Sans Display;font-size: 18px;line-height: 1.5em;font-weight: 400;}body.kc-css-system .kc-css-3979878 .kc_button{color: #1e1c0c;background-color: rgba(233, 233, 233, 0);font-family: Noto Sans Display;font-size: 16px;line-height: 16px;font-weight: 700;border: 2px solid #1e1c0c;border-radius: 50px 50px 50px 50px;padding: 15px 50px 15px 50px;margin-top: 5px;}body.kc-css-system .kc-css-3979878{text-align: left;display: inline;}body.kc-css-system .kc-css-3979878 .kc_button:hover{color: #ffffff;background-color: #1e1c0c;}body.kc-css-system .kc-css-1276163{background: #18160a;padding-top: 100px;padding-bottom: 100px;}body.kc-css-system .kc-css-1621790.kc_title,body.kc-css-system .kc-css-1621790 .kc_title,body.kc-css-system .kc-css-1621790 .kc_title a.kc_title_link{color: #ffffff;font-family: Noto Sans Display;font-size: 30px;font-weight: 700;line-height: 1.5em;text-align: center;margin-bottom: 15px;}body.kc-css-system .kc-css-3755972 ,body.kc-css-system .kc-css-3755972 p{color: #ffffff;font-family: Noto Sans Display;font-size: 20px;line-height: 30px;font-weight: 400;text-align: center;}body.kc-css-system .kc-css-1867974{text-align: center;padding-top: 45px;}body.kc-css-system .kc-css-1021010{text-align: center;}body.kc-css-system .kc-css-474088 .kc_button{color: #ffffff;background-color: rgba(255, 255, 255, 0);font-family: Noto Sans Display;font-size: 20px;line-height: 30px;font-weight: 300;}body.kc-css-system .kc-css-474088{text-align: center;}body.kc-css-system .kc-css-2201125{text-align: center;}body.kc-css-system .kc-css-1281922 .kc_button{color: rgba(255, 255, 255, 1);background-color: rgba(255, 255, 255, 0);font-family: Noto Sans Display;font-size: 20px;line-height: 30px;font-weight: 300;}body.kc-css-system .kc-css-1281922{text-align: center;}body.kc-css-system .kc-css-1599698{background: #ffffff;margin-top: 20px;padding: 40px 20px 20px 20px;border-radius: 5px 5px 5px 5px;box-shadow: 0px 0px 20px 0px rgba(0, 0, 0, 0.1);}<\/style>\n<section class=\"kc-elm kc-css-3189408 kc_row\">\n<div class=\"kc-row-container kc-container container\">\n<div class=\"row\">\n<div class=\"kc-elm kc-css-2726343 kc_col-sm-12 kc_column kc_col-sm-12\">\n<div class=\"kc-col-container\">\n<div class=\"kc-elm kc-css-1925364 kc-title-wrap \">\n<h1 class=\"kc_title\">Nadstre\u0161nice<span style=\"color:#e7e900\">.<\/span><\/h1>\n<\/div>\n<\/div>\n<\/div>\n<\/div>\n<\/div>\n<\/section>\n<section class=\"kc-elm kc-css-2059734 kc_row\">\n<div class=\"kc-row-container kc-container container\">\n<div class=\"row\">\n<div class=\"kc-elm kc-css-1170053 kc_col-sm-4 kc_column kc_col-sm-4\">\n<div class=\"kc-col-container\"><\/div>\n<\/div>\n<div class=\"kc-elm kc-css-2098564 kc_col-sm-4 kc_column kc_col-sm-4\">\n<div class=\"kc-col-container\">\n<div class=\"kc-elm kc-css-4167524 kc_shortcode kc_single_image\"><a href=\"https:\/\/copal.hr\/nadstresnice\/onega\/\" title=\"Bioklimatske pergole\" target=\"_self\" rel=\"noopener\"><img decoding=\"async\" src=\"https:\/\/copal.hr\/wp-content\/uploads\/2022\/05\/onega-1.png\" class=\"\" alt=\"\" \/>    <\/a><\/div>\n<div class=\"kc-elm kc-css-3336169 kc-title-wrap \">\n<h3 class=\"kc_title\"><a href=\"https:\/\/copal.hr\/nadstresnice\/onega\/\" class=\"kc_title_link\" title=\"Bioklimatske pergole\" target=\"\" rel=\"noopener\">Onega<\/a><\/h3>\n<\/div>\n<div class=\"kc-elm kc-css-2895591 kc_text_block\">\n<p>Onega fiksne verande pokrivene staklom ili polikarbonatom.<\/p>\n<\/div>\n<div class=\"kc-elm kc-css-3979878\"><a class=\"kc_button\" href=\"https:\/\/copal.hr\/nadstresnice\/onega\/\" target=\"_self\" title=\"Bioklimatske pergole\" onclick=\"\" rel=\"noopener\">Saznaj vi\u0161e    <\/a><\/div>\n<\/div>\n<\/div>\n<div class=\"kc-elm kc-css-1089737 kc_col-sm-4 kc_column kc_col-sm-4\">\n<div class=\"kc-col-container\"><\/div>\n<\/div>\n<\/div>\n<\/div>\n<\/section>\n<section class=\"kc-elm kc-css-1276163 kc_row\">\n<div class=\"kc-row-container kc-container container\">\n<div class=\"row\">\n<div class=\"kc-elm kc-css-2347372 kc_col-sm-3 kc_column kc_col-sm-3\">\n<div class=\"kc-col-container\"><\/div>\n<\/div>\n<div class=\"kc-elm kc-css-993711 kc_col-sm-7 kc_column kc_col-sm-7\">\n<div class=\"kc-col-container\">\n<div class=\"kc-elm kc-css-1621790 kc-title-wrap \">\n<h3 class=\"kc_title\">Imate pitanje ili trebate savjet?<\/h3>\n<\/div>\n<div class=\"kc-elm kc-css-3755972 kc_text_block\">\n<p>Pozovite nas ili zaka\u017eite besplatan poziv s nama u terminu po Va\u0161oj \u017eelji i rado \u0107emo Vas posavjetovati i odgovoriti na sva Va\u0161a pitanja.<\/p>\n<\/div>\n<div class=\"kc-elm kc-css-1867974 kc_row kc_row_inner\">\n<div class=\"kc-elm kc-css-1021010 kc_col-sm-6 kc_column_inner kc_col-sm-6\">\n<div class=\"kc_wrapper kc-col-inner-container\">\n<div class=\"kc-elm kc-css-474088\"><a class=\"kc_button button-two-row\" href=\"tel:+38761559338\" target=\"_self\" title=\"\" onclick=\"\" rel=\"noopener\"><i class=\"fa-phone\"><\/i> <\/p>\n<div>Pozovite nas <strong>061 559 338<\/strong><\/div>\n<p>    <\/a><\/div>\n<\/div>\n<\/div>\n<div class=\"kc-elm kc-css-2201125 kc_col-sm-6 kc_column_inner kc_col-sm-6\">\n<div class=\"kc_wrapper kc-col-inner-container\">\n<div class=\"kc-elm kc-css-1281922\"><a class=\"kc_button button-two-row zakaziTermin\" href=\"#\" target=\"_self\" title=\"\" onclick=\"\" rel=\"noopener\"><i class=\"fa-calendar-alt\"><\/i> <\/p>\n<div>Zaka\u017eite termin <strong>ZA POZIV<\/strong><\/div>\n<p>    <\/a><\/div>\n<\/div>\n<\/div>\n<\/div>\n<div id=\"terminZaPoziv\" class=\"kc-elm kc-css-1599698 kc_row kc_row_inner\">\n<div class=\"kc-elm kc-css-2390197 kc_col-sm-12 kc_column_inner kc_col-sm-12\">\n<div class=\"kc_wrapper kc-col-inner-container\">\n<div class=\"kc-elm kc-css-4320049 kc-raw-code\">\n<div class='gf_browser_chrome gform_wrapper gravity-theme' id='gform_wrapper_3'>\n<div id='gf_3' class='gform_anchor' tabindex='-1'><\/div>\n<div class='gform_heading'>\n<p class='gform_required_legend'>&quot;<span class=\"gfield_required gfield_required_asterisk\">*<\/span>&quot; indicates required fields<\/p>\n<\/div>\n<form method='post' enctype='multipart\/form-data' target='gform_ajax_frame_3' id='gform_3' action='\/wp-admin\/post.php#gf_3'>\n<div class='gform_body gform-body'>\n<div id='gform_fields_3' class='gform_fields top_label form_sublabel_below description_below'>\n<div id=\"field_3_1\" class=\"gfield gfield--width-half gfield_contains_required field_sublabel_below field_description_below gfield_visibility_visible\" data-js-reload=\"field_3_1\"><label class='gfield_label' for='input_3_1'>Ime i prezime<span class=\"gfield_required\"><span class=\"gfield_required gfield_required_asterisk\">*<\/span><\/span><\/label><\/p>\n<div class='ginput_container ginput_container_text'><input name='input_1' id='input_3_1' type='text' value='' class='large' aria-required=\"true\" aria-invalid=\"false\" \/> <\/div>\n<\/div>\n<div id=\"field_3_3\" class=\"gfield gfield--width-half gfield_contains_required field_sublabel_below field_description_below gfield_visibility_visible\" data-js-reload=\"field_3_3\"><label class='gfield_label' for='input_3_3'>Telefon<span class=\"gfield_required\"><span class=\"gfield_required gfield_required_asterisk\">*<\/span><\/span><\/label><\/p>\n<div class='ginput_container ginput_container_text'><input name='input_3' id='input_3_3' type='text' value='' class='large' aria-required=\"true\" aria-invalid=\"false\" \/> <\/div>\n<\/div>\n<div id=\"field_3_4\" class=\"gfield gfield--width-quarter gfield_contains_required field_sublabel_below field_description_below gfield_visibility_visible\" data-js-reload=\"field_3_4\"><label class='gfield_label' for='input_3_4'>Datum<span class=\"gfield_required\"><span class=\"gfield_required gfield_required_asterisk\">*<\/span><\/span><\/label><\/p>\n<div class='ginput_container ginput_container_date'><input name='input_4' id='input_3_4' type='text' value='' class='datepicker dmy_dot datepicker_no_icon gdatepicker-no-icon' placeholder='10.05.2020' aria-describedby=\"input_3_4_date_format\" aria-invalid=\"false\" aria-required=\"true\"\/><span id='input_3_4_date_format' class='screen-reader-text'>DD dot MM dot YYYY<\/span><\/div>\n<p><input type='hidden' id='gforms_calendar_icon_input_3_4' class='gform_hidden' value='https:\/\/copal.hr\/wp-content\/plugins\/gravityforms\/images\/datepicker\/datepicker.svg'\/><\/div>\n<fieldset id=\"field_3_5\" class=\"gfield gfield--width-quarter gfield_contains_required field_sublabel_hidden_label field_description_below gfield_visibility_visible\" data-js-reload=\"field_3_5\">\n<legend class='gfield_label gfield_label_before_complex'>Vrijeme<span class=\"gfield_required\"><span class=\"gfield_required gfield_required_asterisk\">*<\/span><\/span><\/legend>\n<div class=\"ginput_complex\">\n<div class='gfield_time_hour ginput_container ginput_container_time' id='input_3_5'><input type='text' maxlength='2' name='input_5[]' id='input_3_5_1' value='' placeholder='12' aria-required='true' \/><br \/>\n                            <label class='hour_label hidden_sub_label screen-reader-text' for='input_3_5_1'>HH<\/label><\/div>\n<div class=\"below hour_minute_colon\">:<\/div>\n<div class='gfield_time_minute ginput_container ginput_container_time'><input type='text' maxlength='2' name='input_5[]' id='input_3_5_2' value='' placeholder='00' aria-required='true' \/><label class='minute_label hidden_sub_label screen-reader-text' for='input_3_5_2'>MM<\/label><\/div>\n<\/div>\n<\/fieldset>\n<div id=\"field_3_7\" class=\"gfield gfield--width-half field_sublabel_below field_description_below gfield_visibility_visible\" data-js-reload=\"field_3_7\"><label class='gfield_label' for='input_3_7'>Proizvod<\/label><\/p>\n<div class='ginput_container ginput_container_select'><select name='input_7' id='input_3_7' class='large gfield_select' aria-invalid=\"false\"><option value='Bioklimatska pergola'>Bioklimatska pergola<\/option><option value='Tekstilna pergola'>Tekstilna pergola<\/option><option value='Nadstre\u0161nice'>Nadstre\u0161nice<\/option><\/select><\/div>\n<\/div>\n<div id=\"field_3_8\" class=\"gfield gform_validation_container field_sublabel_below field_description_below gfield_visibility_visible\" data-js-reload=\"field_3_8\"><label class='gfield_label' for='input_3_8'>Name<\/label><\/p>\n<div class='ginput_container'><input name='input_8' id='input_3_8' type='text' value='' \/><\/div>\n<div class='gfield_description' id='gfield_description_3_8'>This field is for validation purposes and should be left unchanged.<\/div>\n<\/div>\n<\/div>\n<\/div>\n<div class='gform_footer top_label'> <input type='submit' id='gform_submit_button_3' class='gform_button button' value='Zaka\u017ei termin' onclick='if(window[\"gf_submitting_3\"]){return false;} window[\"gf_submitting_3\"]=true; ' onkeypress='if( event.keyCode == 13 ){ if(window[\"gf_submitting_3\"]){return false;} window[\"gf_submitting_3\"]=true; jQuery(\"#gform_3\").trigger(\"submit\",[true]); }' \/> <input type='hidden' name='gform_ajax' value='form_id=3&amp;title=&amp;description=&amp;tabindex=0' \/><input type='hidden' class='gform_hidden' name='is_submit_3' value='1' \/><input type='hidden' class='gform_hidden' name='gform_submit' value='3' \/><input type='hidden' class='gform_hidden' name='gform_unique_id' value='' \/><input type='hidden' class='gform_hidden' name='state_3' value='WyJbXSIsImZkYjMyMTgxNjkwYjY2NmJhNDZkZGE0YjJiMTEyYWE5Il0=' \/><input type='hidden' class='gform_hidden' name='gform_target_page_number_3' id='gform_target_page_number_3' value='0' \/><input type='hidden' class='gform_hidden' name='gform_source_page_number_3' id='gform_source_page_number_3' value='1' \/><input type='hidden' name='gform_field_values' value='' \/><\/div>\n<\/form>\n<\/div>\n<p><iframe style='display:none;width:0px;height:0px;' src='about:blank' name='gform_ajax_frame_3' id='gform_ajax_frame_3' title='This iframe contains the logic required to handle Ajax powered Gravity Forms.'><\/iframe><script>gform.initializeOnLoaded( function() {gformInitSpinner( 3, 'https:\/\/copal.hr\/wp-content\/plugins\/gravityforms\/images\/spinner.svg' );jQuery('#gform_ajax_frame_3').on('load',function(){var contents = jQuery(this).contents().find('*').html();var is_postback = contents.indexOf('GF_AJAX_POSTBACK') >= 0;if(!is_postback){return;}var form_content = jQuery(this).contents().find('#gform_wrapper_3');var is_confirmation = jQuery(this).contents().find('#gform_confirmation_wrapper_3').length > 0;var is_redirect = contents.indexOf('gformRedirect(){') >= 0;var is_form = form_content.length > 0 && ! is_redirect && ! is_confirmation;var mt = parseInt(jQuery('html').css('margin-top'), 10) + parseInt(jQuery('body').css('margin-top'), 10) + 100;if(is_form){jQuery('#gform_wrapper_3').html(form_content.html());if(form_content.hasClass('gform_validation_error')){jQuery('#gform_wrapper_3').addClass('gform_validation_error');} else {jQuery('#gform_wrapper_3').removeClass('gform_validation_error');}setTimeout( function() { \/* delay the scroll by 50 milliseconds to fix a bug in chrome *\/ jQuery(document).scrollTop(jQuery('#gform_wrapper_3').offset().top - mt); }, 50 );if(window['gformInitDatepicker']) {gformInitDatepicker();}if(window['gformInitPriceFields']) {gformInitPriceFields();}var current_page = jQuery('#gform_source_page_number_3').val();gformInitSpinner( 3, 'https:\/\/copal.hr\/wp-content\/plugins\/gravityforms\/images\/spinner.svg' );jQuery(document).trigger('gform_page_loaded', [3, current_page]);window['gf_submitting_3'] = false;}else if(!is_redirect){var confirmation_content = jQuery(this).contents().find('.GF_AJAX_POSTBACK').html();if(!confirmation_content){confirmation_content = contents;}setTimeout(function(){jQuery('#gform_wrapper_3').replaceWith(confirmation_content);jQuery(document).scrollTop(jQuery('#gf_3').offset().top - mt);jQuery(document).trigger('gform_confirmation_loaded', [3]);window['gf_submitting_3'] = false;wp.a11y.speak(jQuery('#gform_confirmation_message_3').text());}, 50);}else{jQuery('#gform_3').append(contents);if(window['gformRedirect']) {gformRedirect();}}jQuery(document).trigger('gform_post_render', [3, current_page]);} );} );\n<\/script><\/div>\n<\/div>\n<\/div>\n<\/div>\n<\/div>\n<\/div>\n<div class=\"kc-elm kc-css-899006 kc_col-sm-3 kc_column kc_col-sm-3\">\n<div class=\"kc-col-container\"><\/div>\n<\/div>\n<\/div>\n<\/div>\n<\/section>\n","protected":false},"excerpt":{"rendered":"<p>Nadstre\u0161nice. Onega Onega fiksne verande pokrivene staklom ili polikarbonatom. Saznaj vi\u0161e Imate pitanje ili trebate savjet? Pozovite nas ili zaka\u017eite besplatan poziv s nama u terminu po Va\u0161oj \u017eelji i rado \u0107emo Vas posavjetovati i odgovoriti na sva Va\u0161a pitanja&#8230;.<\/p>\n","protected":false},"author":2,"featured_media":0,"parent":0,"menu_order":0,"comment_status":"closed","ping_status":"closed","template":"","meta":{"rank_math_lock_modified_date":false,"footnotes":""},"acf":[],"_links":{"self":[{"href":"https:\/\/copal.hr\/de\/wp-json\/wp\/v2\/pages\/2005"}],"collection":[{"href":"https:\/\/copal.hr\/de\/wp-json\/wp\/v2\/pages"}],"about":[{"href":"https:\/\/copal.hr\/de\/wp-json\/wp\/v2\/types\/page"}],"author":[{"embeddable":true,"href":"https:\/\/copal.hr\/de\/wp-json\/wp\/v2\/users\/2"}],"replies":[{"embeddable":true,"href":"https:\/\/copal.hr\/de\/wp-json\/wp\/v2\/comments?post=2005"}],"version-history":[{"count":0,"href":"https:\/\/copal.hr\/de\/wp-json\/wp\/v2\/pages\/2005\/revisions"}],"wp:attachment":[{"href":"https:\/\/copal.hr\/de\/wp-json\/wp\/v2\/media?parent=2005"}],"curies":[{"name":"wp","href":"https:\/\/api.w.org\/{rel}","templated":true}]}}