{"id":2029,"date":"2022-05-13T12:49:15","date_gmt":"2022-05-13T10:49:15","guid":{"rendered":"https:\/\/copal.hr\/pergola\/textile-pergola\/textile-pergola-era\/"},"modified":"2023-02-10T10:40:36","modified_gmt":"2023-02-10T10:40:36","slug":"era","status":"publish","type":"page","link":"https:\/\/copal.hr\/de\/pergole\/tekstilne\/era\/","title":{"rendered":"Textile-Pergola Era"},"content":{"rendered":"<p><section class=\"kc-elm kc-css-349733 kc_row\"><div class=\"kc-row-container kc-container container\"><div class=\"row\"><div class=\"kc-elm kc-css-653869 kc_col-sm-12 kc_column kc_col-sm-12\"><div class=\"kc-col-container\">\n<div class=\"kc-elm kc-css-268219 kc-title-wrap \">\n\n\t<h1 class=\"kc_title\">Textile-Pergola <span style=\"color:#e7e900\">Era<\/em>.<\/h1>\n<\/div>\n<\/div><\/div><\/div><\/div><\/section><section class=\"kc-elm kc-css-474688 kc_row\"><div class=\"kc-row-container kc-container container\"><div class=\"row\"><div class=\"kc-elm kc-css-648456 kc_col-sm-12 kc_column kc_col-sm-12\"><div class=\"kc-col-container\"><div data-open-on-mouseover=\"\" data-tab-active=\"1\" data-effect-option=\"\" class=\"kc-elm kc-css-462222 kc_tabs group konfigurator-holder\">\n    <div class=\"kc_wrapper ui-tabs kc_clearfix\">\n        <ul class=\"kc_tabs_nav ui-tabs-nav kc_clearfix\">\n            <li><a href=\"#\" data-prevent=\"scroll\">Informationen<\/a><\/li><li> <a href=\"#\">Konfigurator<\/a><\/li><li><a href=\"#\" data-prevent=\"scroll\">Spezifikationen<\/a><\/li><li><a href=\"#\" data-prevent=\"scroll\">M\u00f6glichkeiten<\/a><\/li>        <\/ul>\n        <div id=\"informationen\" class=\"kc-elm kc-css-338974 kc_tab ui-tabs-panel kc_ui-tabs-hide kc_clearfix \"><div class=\"kc_tab_content\">\n<div class=\"kc-elm kc-css-228541 copal-mobile-accordion\">\n    <a class=\"kc_button mobile-accordion\" href=\"#\" onclick=\"\">\n        :lt:span:gt:01:lt:\/span:gt: Informationen    <\/a>\n<\/div><div class=\"kc-elm kc-css-363375 kc_row kc_row_inner\"><div class=\"kc-elm kc-css-838001 kc_col-sm-6 kc_column_inner kc_col-sm-6\"><div class=\"kc_wrapper kc-col-inner-container\"><div class=\"kc-elm kc-css-323841 kc_shortcode kc_single_image\">\n\n        <img decoding=\"async\" src=\"https:\/\/copal.hr\/wp-content\/uploads\/2022\/08\/Nero-Pergola-1-1.jpg\" class=\"\" alt=\"\" \/>    <\/div>\n<\/div><\/div><div class=\"kc-elm kc-css-710356 kc_col-sm-6 kc_column_inner kc_col-sm-6\"><div class=\"kc_wrapper kc-col-inner-container\">\n<div class=\"kc-elm kc-css-90457 kc-title-wrap \">\n\n\t<h2 class=\"kc_title\">Textile-Pergola Era<\/h2>\n<\/div>\n<div class=\"kc-elm kc-css-150787 kc_text_block\"><\/p>\n<p>\nDas Era-Modell ist eine neu einziehbare Pergola, die speziell f\u00fcr einstellbare Abdeckung und Beschattung entwickelt wurde. Verst\u00e4rkte Konstruktion und verbesserte \u00c4sthetik, wenn eine maximale Abdeckung kleinerer Au\u00dfenbereiche erforderlich ist.<\/p>\n<p>Es ist eine einfache Integration anderer Produkte wie Zipp-Rollos, Glasschiebet\u00fcren, LED-Beleuchtung und Guillotinen m\u00f6glich. Auch bei ge\u00f6ffnetem Dach des Systems kann eine Ambientebeleuchtung mit LED-Kan\u00e4len in den Tr\u00e4gern erfolgen.<\/p>\n<p>Es besteht die M\u00f6glichkeit der Ausf\u00fchrung der Dachneigung von 7 bis 45 Grad. Ein weiteres Merkmal des Systems ist, dass versteckte elektrische Leitungen innerhalb des Profils der Vorderbeine verlegt werden k\u00f6nnen.<\/p>\n<p>\n<\/div>\n<div class=\"kc-elm kc-css-313630 kc-animated kc-animate-eff-fadeIn\">\n    <a class=\"kc_button\" href=\"https:\/\/copal.hr\/wp-content\/uploads\/2023\/01\/004.Era-Pergola-BS-EN.pdf\" target=\"_blank\" title=\"\" onclick=\"\">\n        Brosch\u00fcre herunterladen    <\/a>\n<\/div><\/div><\/div><\/div><div class=\"kc-elm kc-css-460022 kc_row kc_row_inner\"><div class=\"kc-elm kc-css-190611 kc_col-sm-12 kc_column_inner kc_col-sm-12\"><div class=\"kc_wrapper kc-col-inner-container\"><div class=\"copal-lightbox grid-lightbox\">\n    <div class=\"copal-lightbox-gallery-holder\">\n                        <a href=\"https:\/\/copal.hr\/wp-content\/uploads\/2022\/08\/nero-7.jpeg\" data-lightbox=\"copal927888\" data-title=\"Era\"><img decoding=\"async\" src=\"https:\/\/copal.hr\/wp-content\/uploads\/2022\/08\/nero-7-305x263.jpeg\"><\/a>\n                        <a href=\"https:\/\/copal.hr\/wp-content\/uploads\/2022\/08\/nero-6.jpeg\" data-lightbox=\"copal927888\" data-title=\"Era\"><img decoding=\"async\" src=\"https:\/\/copal.hr\/wp-content\/uploads\/2022\/08\/nero-6-305x263.jpeg\"><\/a>\n                        <a href=\"https:\/\/copal.hr\/wp-content\/uploads\/2022\/08\/nero-5.jpeg\" data-lightbox=\"copal927888\" data-title=\"Era\"><img decoding=\"async\" src=\"https:\/\/copal.hr\/wp-content\/uploads\/2022\/08\/nero-5-305x263.jpeg\"><\/a>\n                        <a href=\"https:\/\/copal.hr\/wp-content\/uploads\/2022\/08\/nero-4.jpeg\" data-lightbox=\"copal927888\" data-title=\"Era\"><img decoding=\"async\" src=\"https:\/\/copal.hr\/wp-content\/uploads\/2022\/08\/nero-4-305x263.jpeg\"><\/a>\n                        <a href=\"https:\/\/copal.hr\/wp-content\/uploads\/2022\/08\/nero-3.jpeg\" data-lightbox=\"copal927888\" data-title=\"Era\"><img decoding=\"async\" src=\"https:\/\/copal.hr\/wp-content\/uploads\/2022\/08\/nero-3-305x263.jpeg\"><\/a>\n                        <a href=\"https:\/\/copal.hr\/wp-content\/uploads\/2022\/08\/nero-2.jpeg\" data-lightbox=\"copal927888\" data-title=\"Era\"><img decoding=\"async\" src=\"https:\/\/copal.hr\/wp-content\/uploads\/2022\/08\/nero-2-305x263.jpeg\"><\/a>\n                        <a href=\"https:\/\/copal.hr\/wp-content\/uploads\/2022\/08\/nero-1.jpeg\" data-lightbox=\"copal927888\" data-title=\"Era\"><img decoding=\"async\" src=\"https:\/\/copal.hr\/wp-content\/uploads\/2022\/08\/nero-1-305x263.jpeg\"><\/a>\n                        <a href=\"https:\/\/copal.hr\/wp-content\/uploads\/2022\/08\/nero-12-1.jpeg\" data-lightbox=\"copal927888\" data-title=\"Era\"><img decoding=\"async\" src=\"https:\/\/copal.hr\/wp-content\/uploads\/2022\/08\/nero-12-1-305x263.jpeg\"><\/a>\n        \n    <\/div>\n<\/div><\/div><\/div><\/div><\/div><\/div><div id=\"konfigurator\" class=\"kc-elm kc-css-304674 kc_tab ui-tabs-panel kc_ui-tabs-hide kc_clearfix konfigurator\"><div class=\"kc_tab_content\">\n<div class=\"kc-elm kc-css-11039 copal-mobile-accordion\">\n    <a class=\"kc_button mobile-accordion mobile-konfigurator\" href=\"#\" onclick=\"\">\n        :lt:span:gt:02:lt:\/span:gt: Konfigurator    <\/a>\n<\/div>\n<div class=\"kc-elm kc-css-626881 kc-title-wrap \">\n\n\t<h3 class=\"kc_title\">Loading...<\/h3>\n<\/div>\n<\/div><\/div><div id=\"spezifikationen\" class=\"kc-elm kc-css-999836 kc_tab ui-tabs-panel kc_ui-tabs-hide kc_clearfix \"><div class=\"kc_tab_content\">\n<div class=\"kc-elm kc-css-169062 copal-mobile-accordion\">\n    <a class=\"kc_button mobile-accordion\" href=\"#\" onclick=\"\">\n        :lt:span:gt:03:lt:\/span:gt: Spezifikationen    <\/a>\n<\/div><div class=\"kc-elm kc-css-155724 kc_row kc_row_inner\"><div class=\"kc-elm kc-css-290434 kc_col-sm-4 kc_column_inner kc_col-sm-4\"><div class=\"kc_wrapper kc-col-inner-container\">\n<div class=\"kc-elm kc-css-681584 kc-title-wrap \">\n\n\t<h3 class=\"kc_title\">Ableitung von Regenwasser<\/h3>\n<\/div>\n<div class=\"kc-elm kc-css-338850 kc_text_block\"><\/p>\n<p>\nEntw\u00e4sserungssystem freier Fall<\/p>\n<p>\n<\/div><\/div><\/div><div class=\"kc-elm kc-css-813930 kc_col-sm-4 kc_column_inner kc_col-sm-4\"><div class=\"kc_wrapper kc-col-inner-container\">\n<div class=\"kc-elm kc-css-887293 kc-title-wrap \">\n\n\t<h3 class=\"kc_title\">Sicherheit<\/h3>\n<\/div>\n<div class=\"kc-elm kc-css-570850 kc_text_block\"><\/p>\n<p>\nVersteckte Wasser- und Stromleitungen<\/p>\n<p>\n<\/div><\/div><\/div><div class=\"kc-elm kc-css-406093 kc_col-sm-4 kc_column_inner kc_col-sm-4\"><div class=\"kc_wrapper kc-col-inner-container\">\n<div class=\"kc-elm kc-css-455702 kc-title-wrap \">\n\n\t<h3 class=\"kc_title\">Materiale<\/h3>\n<\/div>\n<div class=\"kc-elm kc-css-323801 kc_text_block\"><\/p>\n<p>\n6063 t5 Aluminium, Edelstahl<\/p>\n<p>\n<\/div><\/div><\/div><\/div><div class=\"kc-elm kc-css-633073 kc_row kc_row_inner\"><div class=\"kc-elm kc-css-378867 kc_col-sm-4 kc_column_inner kc_col-sm-4\"><div class=\"kc_wrapper kc-col-inner-container\">\n<div class=\"kc-elm kc-css-587292 kc-title-wrap \">\n\n\t<h3 class=\"kc_title\">Verstellbares Dach<\/h3>\n<\/div>\n<div class=\"kc-elm kc-css-784147 kc_text_block\"><\/p>\n<p>\nZum \u00d6ffnen und Schlie\u00dfen des Stoffdachs wird ein spezielles patentiertes Design verwendet, das durch die Verwendung eines 10-Rad-Antriebssystems verbessert ist.<\/p>\n<p>\n<\/div><\/div><\/div><div class=\"kc-elm kc-css-507101 kc_col-sm-4 kc_column_inner kc_col-sm-4\"><div class=\"kc_wrapper kc-col-inner-container\">\n<div class=\"kc-elm kc-css-769369 kc-title-wrap \">\n\n\t<h3 class=\"kc_title\">Motorantrieb<\/h3>\n<\/div>\n<div class=\"kc-elm kc-css-710035 kc_text_block\"><\/p>\n<p>\nDer 24-V-Gleichstrommotor (Niederspannung) bietet eine bessere Sicherheit vor Stromschl\u00e4gen. Zus\u00e4tzlicher Erdungsschutz.<\/p>\n<p>\n<\/div><\/div><\/div><div class=\"kc-elm kc-css-411842 kc_col-sm-4 kc_column_inner kc_col-sm-4\"><div class=\"kc_wrapper kc-col-inner-container\">\n<div class=\"kc-elm kc-css-776408 kc-title-wrap \">\n\n\t<h3 class=\"kc_title\">Oberfl\u00e4chenschutz<\/h3>\n<\/div>\n<div class=\"kc-elm kc-css-880038 kc_text_block\"><\/p>\n<p>\nQualicoat, Qualideco und Qualanod zertifizierte Farbe, Holzeffekte und anodisierte Produkte haben eine 10-j\u00e4hrige Garantie auf den Oberfl\u00e4chenschutz.<\/p>\n<p>\n<\/div><\/div><\/div><\/div><div class=\"kc-elm kc-css-765211 kc_row kc_row_inner\"><div class=\"kc-elm kc-css-293500 kc_col-sm-3 kc_column_inner kc_col-sm-3\"><div class=\"kc_wrapper kc-col-inner-container\"><\/div><\/div><div class=\"kc-elm kc-css-378537 kc_col-sm-6 kc_column_inner kc_col-sm-6\"><div class=\"kc_wrapper kc-col-inner-container\"><div class=\"kc-elm kc-css-465372 kc_shortcode kc_single_image\">\n\n        <img decoding=\"async\" src=\"https:\/\/copal.hr\/wp-content\/uploads\/2022\/09\/image016.png\" class=\"\" alt=\"\" \/>    <\/div>\n<div class=\"kc-elm kc-css-33800 kc_shortcode kc_single_image\">\n\n        <img decoding=\"async\" src=\"https:\/\/copal.hr\/wp-content\/uploads\/2022\/09\/era-modul.jpg\" class=\"\" alt=\"\" \/>    <\/div>\n<\/div><\/div><div class=\"kc-elm kc-css-816837 kc_col-sm-3 kc_column_inner kc_col-sm-3\"><div class=\"kc_wrapper kc-col-inner-container\"><\/div><\/div><\/div><\/div><\/div><div id=\"moeglichkeiten\" class=\"kc-elm kc-css-696785 kc_tab ui-tabs-panel kc_ui-tabs-hide kc_clearfix \"><div class=\"kc_tab_content\">\n<div class=\"kc-elm kc-css-745037 copal-mobile-accordion\">\n    <a class=\"kc_button mobile-accordion\" href=\"#\" onclick=\"\">\n        :lt:span:gt:04:lt:\/span:gt: M\u00f6glichkeiten    <\/a>\n<\/div><div data-kc-equalheight=\"true\" data-kc-row-action=\"true\" data-kc-equalheight-align=\"bottom\" class=\"kc-elm kc-css-824693 kc_row kc_row_inner\"><div class=\"kc-elm kc-css-536 kc_col-sm-3 kc_column_inner kc_col-sm-3\"><div class=\"kc_wrapper kc-col-inner-container\"><div class=\"kc-elm kc-css-797753 kc_shortcode kc_single_image\">\n\n        <img decoding=\"async\" src=\"https:\/\/copal.hr\/wp-content\/uploads\/2022\/09\/zastita-od-sunca-era.jpg\" class=\"\" alt=\"\" \/>    \t    <p class=\"scapt\">Sonnenschutz<\/p>\n\t    <\/div>\n<\/div><\/div><div class=\"kc-elm kc-css-439947 kc_col-sm-3 kc_column_inner kc_col-sm-3\"><div class=\"kc_wrapper kc-col-inner-container\"><div class=\"kc-elm kc-css-310966 kc_shortcode kc_single_image\">\n\n        <img decoding=\"async\" src=\"https:\/\/copal.hr\/wp-content\/uploads\/2022\/09\/prirodna-ventilacija-era.jpg\" class=\"\" alt=\"\" \/>    \t    <p class=\"scapt\">Nat\u00fcrliche Bel\u00fcftung<\/p>\n\t    <\/div>\n<\/div><\/div><div class=\"kc-elm kc-css-435197 kc_col-sm-3 kc_column_inner kc_col-sm-3\"><div class=\"kc_wrapper kc-col-inner-container\"><div class=\"kc-elm kc-css-460801 kc_shortcode kc_single_image\">\n\n        <img decoding=\"async\" src=\"https:\/\/copal.hr\/wp-content\/uploads\/2022\/09\/prilagodljiva-temperatura-era.jpg\" class=\"\" alt=\"\" \/>    \t    <p class=\"scapt\">Einstellbare Temperatur<\/p>\n\t    <\/div>\n<\/div><\/div><div class=\"kc-elm kc-css-836059 kc_col-sm-3 kc_column_inner kc_col-sm-3\"><div class=\"kc_wrapper kc-col-inner-container\"><div class=\"kc-elm kc-css-384853 kc_shortcode kc_single_image\">\n\n        <img decoding=\"async\" src=\"https:\/\/copal.hr\/wp-content\/uploads\/2022\/09\/zastita-od-kise-odvodnja-viska-vode-era.jpg\" class=\"\" alt=\"\" \/>    \t    <p class=\"scapt\">Regenschutz, Ableitung von \u00fcbersch\u00fcssigem Wasser<\/p>\n\t    <\/div>\n<\/div><\/div><\/div><\/div><\/div>    <\/div>\n    <script>\n        jQuery(document).ready(function() {\n            jQuery('#opce-informacije .kc_tab_content').addClass('active');\n\n            jQuery('div.copal-mobile-accordion a.mobile-accordion').click(function(e) {\n                e.preventDefault();\n                if (jQuery(this).hasClass('mobile-konfigurator')) {\n                    jQuery('.kc_tab_content').removeClass('active');\n                    jQuery(this).parent().parent().addClass('active');\n                    var cPergola = window.location.href;\n                    cPergola = cPergola.split(\"\/\");\n                    var tPergola = cPergola[cPergola.length - 3];\n                    cPergola = cPergola[cPergola.length - 2];\n\n                    \n\n                    if (cPergola !== \"onega\") {\n                        tPergola = \"pergole\/\" + tPergola;\n                    }\n\t\t\t\t\t\n\t\t\t\t\t\n\n                   if(getLangCode === \"de\"){\n\t\t\t\tlocation.href =\n                \"https:\/\/\" +\n                window.location.hostname + \"\/de\/\" +\n                tPergola +\n                \"\/konfigurator\/?cPergola=\" +\n                cPergola;\n\t\t\t} else {\n\t\t\t\tlocation.href =\n                \"https:\/\/\" +\n                window.location.hostname + \"\/\" +\n                tPergola +\n                \"\/konfigurator\/?cPergola=\" +\n                cPergola;\n\t\t\t}\n                } else {\n                    jQuery('.kc_tab_content').removeClass('active');\n                    jQuery(this).parent().parent().addClass('active');\n                }\n            });\n        })\n    <\/script>\n<\/div><\/div><\/div><\/div><\/div><\/section><\/p>\n","protected":false},"excerpt":{"rendered":"","protected":false},"author":2,"featured_media":1471,"parent":2028,"menu_order":0,"comment_status":"closed","ping_status":"closed","template":"","meta":{"rank_math_lock_modified_date":false,"footnotes":""},"acf":[],"_links":{"self":[{"href":"https:\/\/copal.hr\/de\/wp-json\/wp\/v2\/pages\/2029"}],"collection":[{"href":"https:\/\/copal.hr\/de\/wp-json\/wp\/v2\/pages"}],"about":[{"href":"https:\/\/copal.hr\/de\/wp-json\/wp\/v2\/types\/page"}],"author":[{"embeddable":true,"href":"https:\/\/copal.hr\/de\/wp-json\/wp\/v2\/users\/2"}],"replies":[{"embeddable":true,"href":"https:\/\/copal.hr\/de\/wp-json\/wp\/v2\/comments?post=2029"}],"version-history":[{"count":5,"href":"https:\/\/copal.hr\/de\/wp-json\/wp\/v2\/pages\/2029\/revisions"}],"predecessor-version":[{"id":2317,"href":"https:\/\/copal.hr\/de\/wp-json\/wp\/v2\/pages\/2029\/revisions\/2317"}],"up":[{"embeddable":true,"href":"https:\/\/copal.hr\/de\/wp-json\/wp\/v2\/pages\/2028"}],"wp:featuredmedia":[{"embeddable":true,"href":"https:\/\/copal.hr\/de\/wp-json\/wp\/v2\/media\/1471"}],"wp:attachment":[{"href":"https:\/\/copal.hr\/de\/wp-json\/wp\/v2\/media?parent=2029"}],"curies":[{"name":"wp","href":"https:\/\/api.w.org\/{rel}","templated":true}]}}